{"id":27,"date":"2011-01-12T00:55:36","date_gmt":"2011-01-12T00:55:36","guid":{"rendered":"https:\/\/www.maicschulte.de\/?page_id=27"},"modified":"2021-01-19T14:12:19","modified_gmt":"2021-01-19T13:12:19","slug":"kontakt","status":"publish","type":"page","link":"https:\/\/www.maicschulte.de\/wordpress\/?page_id=27","title":{"rendered":"Kontakt"},"content":{"rendered":"\n<p>Dir gef\u00e4llt eines meiner Bilder?<\/p>\n\n\n\n<p>Du hast eine Frage oder m\u00f6ch\u00adtest ein\u00adfach nur Kon\u00adtakt mit mir aufnehmen?<\/p>\n\n\n\n<p>Kein Pro\u00adblem. Nutze daf\u00fcr doch bitte eine der hier auf\u00adge\u00adf\u00fchr\u00adten Kontaktm\u00f6glichkeiten.<\/p>\n\n\n\n<p>Maic Schul\u00adte<br>Ida\u00adstra\u00ad\u00dfe 6<br>46284 Dors\u00adten<br>Deutsch\u00adland<\/p>\n\n\n\n<p>fon: +49 (0) 2362 \/ 78 99 102<br>fon: +49 (0) 173 \/ 56 222&nbsp;75<\/p>\n\n\n\n<p>email: <a href=\"mailto:info@maicschulte.de\" target=\"_blank\" rel=\"noreferrer noopener\">info@maicschulte.de<\/a><\/p>\n\n\n\n<p>E\u2011Mails, SMS\u2019 oder auf dem Anruf\u00adbe\u00adant\u00adwor\u00adter hin\u00adter\u00adlas\u00adse\u00adne Nach\u00adrich\u00adten werden von mir per\u00ads\u00f6n\u00adlich und zeit\u00adnah beant\u00adwor\u00adtet. Versprochen!<\/p>\n\n\n\n<p>Du kannst mir aber auch sehr gerne \u00fcber dieses Kon\u00adtakt-For\u00admu\u00adlar eine Nach\u00adricht zukom\u00admen lassen:<\/p>\n\n\n\n<div class=\"wp-block-contact-form-7-contact-form-selector\">\n<div class=\"wpcf7 no-js\" id=\"wpcf7-f2290-o1\" lang=\"de-DE\" dir=\"ltr\" data-wpcf7-id=\"2290\">\n<div class=\"screen-reader-response\"><p role=\"status\" aria-live=\"polite\" aria-atomic=\"true\"><\/p> <ul><\/ul><\/div>\n<form action=\"\/wordpress\/index.php?rest_route=%2Fwp%2Fv2%2Fpages%2F27#wpcf7-f2290-o1\" method=\"post\" class=\"wpcf7-form init wpcf7-acceptance-as-validation\" aria-label=\"Kontaktformular\" novalidate=\"novalidate\" data-status=\"init\">\n<fieldset class=\"hidden-fields-container\"><input type=\"hidden\" name=\"_wpcf7\" value=\"2290\"><input type=\"hidden\" name=\"_wpcf7_version\" value=\"6.1.5\"><input type=\"hidden\" name=\"_wpcf7_locale\" value=\"de_DE\"><input type=\"hidden\" name=\"_wpcf7_unit_tag\" value=\"wpcf7-f2290-o1\"><input type=\"hidden\" name=\"_wpcf7_container_post\" value=\"0\"><input type=\"hidden\" name=\"_wpcf7_posted_data_hash\" value>\n<\/fieldset>\n<p><br>\nDein Name (Pflicht\u00adfeld):<br>\n<span class=\"wpcf7-form-control-wrap\" data-name=\"your-name\"><input size=\"40\" maxlength=\"400\" class=\"wpcf7-form-control wpcf7-text wpcf7-validates-as-required\" aria-required=\"true\" aria-invalid=\"false\" value type=\"text\" name=\"your-name\"><\/span>\n<\/p>\n<p>Deine E\u2011Mail Adres\u00adse (Pflicht\u00adfeld):<br>\n<span class=\"wpcf7-form-control-wrap\" data-name=\"your-email\"><input size=\"40\" maxlength=\"400\" class=\"wpcf7-form-control wpcf7-email wpcf7-validates-as-required wpcf7-text wpcf7-validates-as-email\" aria-required=\"true\" aria-invalid=\"false\" value type=\"email\" name=\"your-email\"><\/span>\n<\/p>\n<p>Betreff:<br>\n<span class=\"wpcf7-form-control-wrap\" data-name=\"your-subject\"><input size=\"40\" maxlength=\"400\" class=\"wpcf7-form-control wpcf7-text\" aria-invalid=\"false\" value type=\"text\" name=\"your-subject\"><\/span>\n<\/p>\n<p>Deine Nach\u00adricht:<br>\n<span class=\"wpcf7-form-control-wrap\" data-name=\"your-message\"><textarea cols=\"40\" rows=\"10\" maxlength=\"2000\" class=\"wpcf7-form-control wpcf7-textarea\" aria-invalid=\"false\" name=\"your-message\"><\/textarea><\/span>\n<\/p>\n<table>\n\t<tr>\n\t\t<td valign=\"top\" width=\"10%\" style=\"border: 0px;\">\n\t\t\t<p><span class=\"wpcf7-form-control-wrap\" data-name=\"acceptance-928\"><span class=\"wpcf7-form-control wpcf7-acceptance\"><span class=\"wpcf7-list-item\"><input type=\"checkbox\" name=\"acceptance-928\" value=\"1\" aria-invalid=\"false\"><\/span><\/span><\/span>\n\t\t\t<\/p>\n\t\t<\/td>\n\t\t<td valign=\"top\" style=\"border: 0px;\">\n\t\t\t<p>Du erkl\u00e4rst dich damit ein\u00adver\u00adstan\u00adden, dass Deine Daten zur Bear\u00adbei\u00adtung Deines Anlie\u00adgens ver\u00adwen\u00addet werden. Wei\u00adte\u00adre Infor\u00adma\u00adtio\u00adnen und Wider\u00adrufs\u00adhin\u00adwei\u00adse fin\u00addest Du in der <a href=\"https:\/\/www.maicschulte.de\/?page_id=3097\" target=\"_blank\">Daten\u00adschutz\u00ader\u00adkl\u00e4\u00adrung<\/a>.\n\t\t\t<\/p>\n\t\t<\/td>\n\t<\/tr>\n<\/table>\n<p><input class=\"wpcf7-form-control wpcf7-submit has-spinner\" type=\"submit\" value=\"Hier klicken und ab geht die Post ...\">\n<\/p><div class=\"wpcf7-response-output\" aria-hidden=\"true\"><\/div>\n<\/form>\n<\/div>\n<\/div>\n\n\n","protected":false},"excerpt":{"rendered":"<p>Dir gef\u00e4llt eines meiner Bilder? Du hast eine Frage oder m\u00f6ch\u00adtest ein\u00adfach nur Kon\u00adtakt mit mir auf\u00adneh\u00admen? Kein Pro\u00adblem. Nutze daf\u00fcr doch bitte eine der hier auf\u00adge\u00adf\u00fchr\u00adten Kon\u00adtakt\u00adm\u00f6g\u00adlich\u00adkei\u00adten. Maic Schul\u00adteIda\u00adstra\u00ad\u00dfe 646284 Dors\u00adtenDeutsch\u00adland fon: +49 (0) 2362 \/ 78 99 102fon: +49 (0) 173 \/ 56 222&nbsp;75 email: info@maicschulte.de E\u2011Mails, SMS\u2019 oder auf dem Anruf\u00adbe\u00adant\u00adwor\u00adter hin\u00adter\u00adlas\u00adse\u00adne Nach\u00adrich\u00adten werden von mir per\u00ads\u00f6n\u00adlich und zeit\u00adnah beant\u00adwor\u00adtet. Ver\u00adspro\u00adchen! Du kannst mir aber auch sehr gerne \u00fcber dieses Kon\u00ad\u00ad\u00adtakt-For\u00ad\u00admu\u00adlar eine Nach\u00adricht zukom\u00admen lassen:<\/p>\n","protected":false},"author":1,"featured_media":0,"parent":0,"menu_order":40,"comment_status":"closed","ping_status":"open","template":"","meta":{"wp_typography_post_enhancements_disabled":false,"footnotes":""},"class_list":["post-27","page","type-page","status-publish","hentry"],"yoast_head":"<!-- This site is optimized with the Yoast SEO plugin v27.5 - https:\/\/yoast.com\/product\/yoast-seo-wordpress\/ -->\n<title>Kontakt - Maic Schulte<\/title>\n<meta name=\"robots\" content=\"index, follow, max-snippet:-1, max-image-preview:large, max-video-preview:-1\" \/>\n<link rel=\"canonical\" href=\"https:\/\/www.maicschulte.de\/wordpress\/?page_id=27\" \/>\n<meta property=\"og:locale\" content=\"de_DE\" \/>\n<meta property=\"og:type\" content=\"article\" \/>\n<meta property=\"og:title\" content=\"Kontakt - Maic Schulte\" \/>\n<meta property=\"og:description\" content=\"Dir gef\u00e4llt eines meiner Bilder? Du hast eine Frage oder m\u00f6ch\u00adtest ein\u00adfach nur Kon\u00adtakt mit mir aufnehmen? Kein Pro\u00adblem. Nutze daf\u00fcr doch bitte eine der hier auf\u00adge\u00adf\u00fchr\u00adten Kontaktm\u00f6glichkeiten. Maic Schul\u00adteIda\u00adstra\u00ad\u00dfe 646284 Dors\u00adtenDeutsch\u00adland fon: +49 (0) 2362 \/ 78 99 102fon: +49 (0) 173 \/ 56 222&nbsp;75 email: info@maicschulte.de E\u2011Mails, SMS\u2019 oder auf dem Anruf\u00adbe\u00adant\u00adwor\u00adter hin\u00adter\u00adlas\u00adse\u00adne Nach\u00adrich\u00adten werden von mir per\u00ads\u00f6n\u00adlich und zeit\u00adnah beant\u00adwor\u00adtet. Versprochen! Du kannst mir aber auch sehr gerne \u00fcber dieses Kon\u00adtakt-For\u00admu\u00adlar eine Nach\u00adricht zukom\u00admen lassen:\" \/>\n<meta property=\"og:url\" content=\"https:\/\/www.maicschulte.de\/wordpress\/?page_id=27\" \/>\n<meta property=\"og:site_name\" content=\"Maic Schulte\" \/>\n<meta property=\"article:modified_time\" content=\"2021-01-19T13:12:19+00:00\" \/>\n<script type=\"application\/ld+json\" class=\"yoast-schema-graph\">{\"@context\":\"https:\\\/\\\/schema.org\",\"@graph\":[{\"@type\":[\"WebPage\",\"ContactPage\"],\"@id\":\"https:\\\/\\\/www.maicschulte.de\\\/wordpress\\\/?page_id=27\",\"url\":\"https:\\\/\\\/www.maicschulte.de\\\/wordpress\\\/?page_id=27\",\"name\":\"Kontakt - Maic Schulte\",\"isPartOf\":{\"@id\":\"https:\\\/\\\/www.maicschulte.de\\\/wordpress\\\/#website\"},\"datePublished\":\"2011-01-12T00:55:36+00:00\",\"dateModified\":\"2021-01-19T13:12:19+00:00\",\"breadcrumb\":{\"@id\":\"https:\\\/\\\/www.maicschulte.de\\\/wordpress\\\/?page_id=27#breadcrumb\"},\"inLanguage\":\"de\",\"potentialAction\":[{\"@type\":\"ReadAction\",\"target\":[\"https:\\\/\\\/www.maicschulte.de\\\/wordpress\\\/?page_id=27\"]}]},{\"@type\":\"BreadcrumbList\",\"@id\":\"https:\\\/\\\/www.maicschulte.de\\\/wordpress\\\/?page_id=27#breadcrumb\",\"itemListElement\":[{\"@type\":\"ListItem\",\"position\":1,\"name\":\"Startseite\",\"item\":\"https:\\\/\\\/www.maicschulte.de\\\/wordpress\"},{\"@type\":\"ListItem\",\"position\":2,\"name\":\"Kontakt\"}]},{\"@type\":\"WebSite\",\"@id\":\"https:\\\/\\\/www.maicschulte.de\\\/wordpress\\\/#website\",\"url\":\"https:\\\/\\\/www.maicschulte.de\\\/wordpress\\\/\",\"name\":\"Maic Schulte\",\"description\":\"Fotografie aus Leidenschaft\",\"publisher\":{\"@id\":\"https:\\\/\\\/www.maicschulte.de\\\/wordpress\\\/#\\\/schema\\\/person\\\/809698f1c7b1655959515001723d716e\"},\"potentialAction\":[{\"@type\":\"SearchAction\",\"target\":{\"@type\":\"EntryPoint\",\"urlTemplate\":\"https:\\\/\\\/www.maicschulte.de\\\/wordpress\\\/?s={search_term_string}\"},\"query-input\":{\"@type\":\"PropertyValueSpecification\",\"valueRequired\":true,\"valueName\":\"search_term_string\"}}],\"inLanguage\":\"de\"},{\"@type\":[\"Person\",\"Organization\"],\"@id\":\"https:\\\/\\\/www.maicschulte.de\\\/wordpress\\\/#\\\/schema\\\/person\\\/809698f1c7b1655959515001723d716e\",\"name\":\"Maic Schulte\",\"image\":{\"@type\":\"ImageObject\",\"inLanguage\":\"de\",\"@id\":\"https:\\\/\\\/www.maicschulte.de\\\/wordpress\\\/wp-content\\\/uploads\\\/2025\\\/05\\\/Chronus_Maic_Schulte_Logo_605px-3.png\",\"url\":\"https:\\\/\\\/www.maicschulte.de\\\/wordpress\\\/wp-content\\\/uploads\\\/2025\\\/05\\\/Chronus_Maic_Schulte_Logo_605px-3.png\",\"contentUrl\":\"https:\\\/\\\/www.maicschulte.de\\\/wordpress\\\/wp-content\\\/uploads\\\/2025\\\/05\\\/Chronus_Maic_Schulte_Logo_605px-3.png\",\"width\":605,\"height\":200,\"caption\":\"Maic Schulte\"},\"logo\":{\"@id\":\"https:\\\/\\\/www.maicschulte.de\\\/wordpress\\\/wp-content\\\/uploads\\\/2025\\\/05\\\/Chronus_Maic_Schulte_Logo_605px-3.png\"},\"description\":\"Seit dem Tag, an dem mein Vater mich mit einer Kamera, einem Objektiv und zwei Illford-Schwarzwei\u00df-Filmen auf Entdeckungs-Tour geschickt hat, begleitet mich das Thema \\\"Fotografie\\\". Basierend auf WordPress, stellt diese Webseite - jetzt und in der Zukunft - eine Heimat f\u00fcr all meine Artikel und Fotos dar, welche wiederum aus allen Themenbereichen der klassischen &amp; modernen Fotografie kommen. Sei es nun die Fotografie in Schwarz-Wei\u00df; die Erkundung ehemaliger Industriegel\u00e4nde, welche f\u00fcr mich am ehesten \u201eDas Herz des Reviers\u201c widerspiegeln; ausdrucksstarke Portraits oder farbenfrohe Naturaufnahmen. Ganz egal! Es gelingt einfach jedem fotografischen Thema, meine Neugierde darauf zu erwecken. Dar\u00fcber hinaus habe ich aber auch ein ger\u00fctteltes Ma\u00df an Benzin im Blut und mag Autos &amp; Motorr\u00e4der, ganz egal ob nun neu, alt, aufgemotzt oder vollkommen original. Du siehst, die Auswahl an Artikeln &amp; Fotos ist also genauso breit gef\u00e4chert wie meine fotografischen Interessen.\",\"sameAs\":[\"https:\\\/\\\/www.maicschulte.de\"]}]}<\/script>\n<!-- \/ Yoast SEO plugin. -->","yoast_head_json":{"title":"Kontakt - Maic Schulte","robots":{"index":"index","follow":"follow","max-snippet":"max-snippet:-1","max-image-preview":"max-image-preview:large","max-video-preview":"max-video-preview:-1"},"canonical":"https:\/\/www.maicschulte.de\/wordpress\/?page_id=27","og_locale":"de_DE","og_type":"article","og_title":"Kontakt - Maic Schulte","og_description":"Dir gef\u00e4llt eines meiner Bilder? Du hast eine Frage oder m\u00f6ch\u00adtest ein\u00adfach nur Kon\u00adtakt mit mir aufnehmen? Kein Pro\u00adblem. Nutze daf\u00fcr doch bitte eine der hier auf\u00adge\u00adf\u00fchr\u00adten Kontaktm\u00f6glichkeiten. Maic Schul\u00adteIda\u00adstra\u00ad\u00dfe 646284 Dors\u00adtenDeutsch\u00adland fon: +49 (0) 2362 \/ 78 99 102fon: +49 (0) 173 \/ 56 222&nbsp;75 email: info@maicschulte.de E\u2011Mails, SMS\u2019 oder auf dem Anruf\u00adbe\u00adant\u00adwor\u00adter hin\u00adter\u00adlas\u00adse\u00adne Nach\u00adrich\u00adten werden von mir per\u00ads\u00f6n\u00adlich und zeit\u00adnah beant\u00adwor\u00adtet. Versprochen! Du kannst mir aber auch sehr gerne \u00fcber dieses Kon\u00adtakt-For\u00admu\u00adlar eine Nach\u00adricht zukom\u00admen lassen:","og_url":"https:\/\/www.maicschulte.de\/wordpress\/?page_id=27","og_site_name":"Maic Schulte","article_modified_time":"2021-01-19T13:12:19+00:00","schema":{"@context":"https:\/\/schema.org","@graph":[{"@type":["WebPage","ContactPage"],"@id":"https:\/\/www.maicschulte.de\/wordpress\/?page_id=27","url":"https:\/\/www.maicschulte.de\/wordpress\/?page_id=27","name":"Kontakt - Maic Schulte","isPartOf":{"@id":"https:\/\/www.maicschulte.de\/wordpress\/#website"},"datePublished":"2011-01-12T00:55:36+00:00","dateModified":"2021-01-19T13:12:19+00:00","breadcrumb":{"@id":"https:\/\/www.maicschulte.de\/wordpress\/?page_id=27#breadcrumb"},"inLanguage":"de","potentialAction":[{"@type":"ReadAction","target":["https:\/\/www.maicschulte.de\/wordpress\/?page_id=27"]}]},{"@type":"BreadcrumbList","@id":"https:\/\/www.maicschulte.de\/wordpress\/?page_id=27#breadcrumb","itemListElement":[{"@type":"ListItem","position":1,"name":"Startseite","item":"https:\/\/www.maicschulte.de\/wordpress"},{"@type":"ListItem","position":2,"name":"Kontakt"}]},{"@type":"WebSite","@id":"https:\/\/www.maicschulte.de\/wordpress\/#website","url":"https:\/\/www.maicschulte.de\/wordpress\/","name":"Maic Schulte","description":"Fotografie aus Leidenschaft","publisher":{"@id":"https:\/\/www.maicschulte.de\/wordpress\/#\/schema\/person\/809698f1c7b1655959515001723d716e"},"potentialAction":[{"@type":"SearchAction","target":{"@type":"EntryPoint","urlTemplate":"https:\/\/www.maicschulte.de\/wordpress\/?s={search_term_string}"},"query-input":{"@type":"PropertyValueSpecification","valueRequired":true,"valueName":"search_term_string"}}],"inLanguage":"de"},{"@type":["Person","Organization"],"@id":"https:\/\/www.maicschulte.de\/wordpress\/#\/schema\/person\/809698f1c7b1655959515001723d716e","name":"Maic Schulte","image":{"@type":"ImageObject","inLanguage":"de","@id":"https:\/\/www.maicschulte.de\/wordpress\/wp-content\/uploads\/2025\/05\/Chronus_Maic_Schulte_Logo_605px-3.png","url":"https:\/\/www.maicschulte.de\/wordpress\/wp-content\/uploads\/2025\/05\/Chronus_Maic_Schulte_Logo_605px-3.png","contentUrl":"https:\/\/www.maicschulte.de\/wordpress\/wp-content\/uploads\/2025\/05\/Chronus_Maic_Schulte_Logo_605px-3.png","width":605,"height":200,"caption":"Maic Schulte"},"logo":{"@id":"https:\/\/www.maicschulte.de\/wordpress\/wp-content\/uploads\/2025\/05\/Chronus_Maic_Schulte_Logo_605px-3.png"},"description":"Seit dem Tag, an dem mein Vater mich mit einer Kamera, einem Objektiv und zwei Illford-Schwarzwei\u00df-Filmen auf Entdeckungs-Tour geschickt hat, begleitet mich das Thema \"Fotografie\". Basierend auf WordPress, stellt diese Webseite - jetzt und in der Zukunft - eine Heimat f\u00fcr all meine Artikel und Fotos dar, welche wiederum aus allen Themenbereichen der klassischen &amp; modernen Fotografie kommen. Sei es nun die Fotografie in Schwarz-Wei\u00df; die Erkundung ehemaliger Industriegel\u00e4nde, welche f\u00fcr mich am ehesten \u201eDas Herz des Reviers\u201c widerspiegeln; ausdrucksstarke Portraits oder farbenfrohe Naturaufnahmen. Ganz egal! Es gelingt einfach jedem fotografischen Thema, meine Neugierde darauf zu erwecken. Dar\u00fcber hinaus habe ich aber auch ein ger\u00fctteltes Ma\u00df an Benzin im Blut und mag Autos &amp; Motorr\u00e4der, ganz egal ob nun neu, alt, aufgemotzt oder vollkommen original. Du siehst, die Auswahl an Artikeln &amp; Fotos ist also genauso breit gef\u00e4chert wie meine fotografischen Interessen.","sameAs":["https:\/\/www.maicschulte.de"]}]}},"_links":{"self":[{"href":"https:\/\/www.maicschulte.de\/wordpress\/index.php?rest_route=\/wp\/v2\/pages\/27","targetHints":{"allow":["GET"]}}],"collection":[{"href":"https:\/\/www.maicschulte.de\/wordpress\/index.php?rest_route=\/wp\/v2\/pages"}],"about":[{"href":"https:\/\/www.maicschulte.de\/wordpress\/index.php?rest_route=\/wp\/v2\/types\/page"}],"author":[{"embeddable":true,"href":"https:\/\/www.maicschulte.de\/wordpress\/index.php?rest_route=\/wp\/v2\/users\/1"}],"replies":[{"embeddable":true,"href":"https:\/\/www.maicschulte.de\/wordpress\/index.php?rest_route=%2Fwp%2Fv2%2Fcomments&post=27"}],"version-history":[{"count":26,"href":"https:\/\/www.maicschulte.de\/wordpress\/index.php?rest_route=\/wp\/v2\/pages\/27\/revisions"}],"predecessor-version":[{"id":12264,"href":"https:\/\/www.maicschulte.de\/wordpress\/index.php?rest_route=\/wp\/v2\/pages\/27\/revisions\/12264"}],"wp:attachment":[{"href":"https:\/\/www.maicschulte.de\/wordpress\/index.php?rest_route=%2Fwp%2Fv2%2Fmedia&parent=27"}],"curies":[{"name":"wp","href":"https:\/\/api.w.org\/{rel}","templated":true}]}}